{"id":1271,"date":"2022-11-11T11:15:37","date_gmt":"2022-11-11T10:15:37","guid":{"rendered":"\/\/pre.tenutalecolonne.com\/?page_id=1271"},"modified":"2025-10-07T14:31:47","modified_gmt":"2025-10-07T12:31:47","slug":"experience-2","status":"publish","type":"page","link":"https:\/\/tenutalecolonne.com\/en\/experience-2\/","title":{"rendered":"Experience"},"content":{"rendered":"<section class=\"wpb-content-wrapper\"><p>[vc_row][vc_column][vc_column_text]<\/p>\n<h6 style=\"text-align: center;\"><span style=\"font-weight: 400;\">THE WINE SHOP, TIME FOR A GLASS OF WINE<\/span><\/h6>\n<p style=\"text-align: center;\"><span style=\"font-weight: 400;\">A country farm with its pergola winding along walkways in rough travertine, generating sheltered corners from the sun for the rest of the visitors. The facades painted with natural colors recall the typicality of the farmhouses of the area as well as in the bright red of the fixtures and in the signs of the furnishing and stringcourses. The front along the Old Aurelia road is characterized by the unmistakable external double staircase with loggia and, higher up, by the tympanum with the coat of arms. The wine cellar is the perfect place to appreciate a good glass of wine. Whether it&#8217;s in the internal rooms or in the garden surrounded by oleanders, strawberry trees, mastic trees, myrtle, agaves and roses, a stop at our wine shop will allow you to discover the essence of our wines. You will experience the enchantment of being in a harmonious place, where nature, colors and scents will take you on a multi-sensory journey.<\/span><\/p>\n<div style=\"text-align: center;\"><b>ENOTECA<br \/>\nOpen from Monday to Saturday from 10.00 am to 6.00 pm<br \/>\n<\/b>For info &amp; reservations: <a href=\"mailto:enoteca@tenutalecolonne.it\">enoteca@tenutalecolonne.it<\/a> &#8211; <a href=\"https:\/\/tours.dievole.it\/en\/bolgheri-area\/\">www.tours.dievole.it<\/a><b><br \/>\n<\/b><\/div>\n<div><\/div>\n<div style=\"text-align: center;\"><b> BISTR\u00d2 <\/b><b>TOSCANO<\/b><\/div>\n<div style=\"text-align: center;\"><b>Open for lunch from Monday to Saturday from 12:00 am to 3:00 pm<br \/>\n<\/b>For info &amp; reservations:\u00a0<a href=\"mailto:enoteca@tenutalecolonne.it\" target=\"_blank\" rel=\"noopener\" data-rawhref=\"mailto:enoteca@tenutalecolonne.it\">enoteca@tenutalecolonne.it<\/a><\/div>\n<p>[\/vc_column_text][\/vc_column][\/vc_row][vc_row][vc_column][vc_empty_space height=&#8221;4em&#8221;][\/vc_column][\/vc_row][vc_row el_class=&#8221;experience&#8221;][vc_column width=&#8221;1\/4&#8243;][\/vc_column][vc_column width=&#8221;1\/4&#8243;]<div class=\"sc_section sc_section_block \"><div class=\"sc_section_inner\"><div class=\"sc_section_content_wrap\">[vc_single_image image=&#8221;2634&#8243; img_size=&#8221;large&#8221; alignment=&#8221;center&#8221;][vc_column_text]<\/p>\n<p style=\"text-align: center;\"><strong>WINE&amp;DINE BISTR\u00d2 TOSCANO<\/strong><br \/>\n<span style=\"font-weight: 400;\">Tour of the vineyards, lunch at Bistr\u00f2 Toscano with three dishes and three wines paired.<\/span><\/p>\n<p>[\/vc_column_text]<a href=\"https:\/\/tours.dievole.it\/en\/bolgheri-area\/tenuta-le-colonne-bolgheri-wine-and-dine\/\" target=\"_blank\" class=\"sc_button sc_button_square sc_button_style_filled sc_button_size_large aligncenter\">Info<\/a><\/div><\/div><\/div>[\/vc_column][vc_column width=&#8221;1\/4&#8243;]<div class=\"sc_section sc_section_block \"><div class=\"sc_section_inner\"><div class=\"sc_section_content_wrap\">[vc_single_image image=&#8221;2640&#8243; img_size=&#8221;large&#8221; alignment=&#8221;center&#8221;][vc_column_text]<\/p>\n<p style=\"text-align: center;\"><strong> DEGUSTAZIONE VERTICALE <\/strong><br \/>\n<span style=\"font-weight: 400;\">Tour of the vineyards and vertical tasting of three vintages of Bolgheri Superiore from Tenuta Le Colonne<\/span><\/p>\n<p>[\/vc_column_text]<a href=\"https:\/\/tours.dievole.it\/en\/bolgheri-area\/vertical-tasting-at-tenuta-le-colonne\/\" target=\"_blank\" class=\"sc_button sc_button_square sc_button_style_filled sc_button_size_large aligncenter\">Info<\/a><\/div><\/div><\/div>[\/vc_column][vc_column width=&#8221;1\/4&#8243;][\/vc_column][\/vc_row][vc_row][vc_column][vc_empty_space height=&#8221;2em&#8221;][\/vc_column][\/vc_row][vc_row el_class=&#8221;experience&#8221;][vc_column width=&#8221;1\/3&#8243; offset=&#8221;vc_hidden-lg vc_hidden-md vc_hidden-sm vc_hidden-xs&#8221;]<div class=\"sc_section sc_section_block \"><div class=\"sc_section_inner\"><div class=\"sc_section_content_wrap\">[vc_single_image image=&#8221;1370&#8243; img_size=&#8221;large&#8221; alignment=&#8221;center&#8221;][vc_column_text]<\/p>\n<p style=\"text-align: center;\"><strong>SUNSET BEACH TOUR<\/strong><br \/>\n<span style=\"font-weight: 400;\">At our wine shop you will receive a complete kit for an unusual t\u00eate-\u00e0-t\u00eate aperitif on the beach.<\/span>[\/vc_column_text]<a href=\"mailto: enoteca@tenutalecolonne.it\" target=\"_blank\" class=\"sc_button sc_button_square sc_button_style_filled sc_button_size_large aligncenter\">Info<\/a><\/div><\/div><\/div>[\/vc_column][vc_column width=&#8221;1\/3&#8243; offset=&#8221;vc_hidden-lg vc_hidden-md vc_hidden-sm vc_hidden-xs&#8221;]<div class=\"sc_section sc_section_block \"><div class=\"sc_section_inner\"><div class=\"sc_section_content_wrap\">[vc_single_image image=&#8221;1368&#8243; img_size=&#8221;large&#8221; alignment=&#8221;center&#8221;][vc_column_text]<\/p>\n<p style=\"text-align: center;\"><strong>EBIKE TOUR<\/strong><br \/>\n<span style=\"font-weight: 400;\">A tour with gastronomic stop, to discover this unique territory.<\/span>[\/vc_column_text]<a href=\"mailto: enoteca@tenutalecolonne.it\" target=\"_blank\" class=\"sc_button sc_button_square sc_button_style_filled sc_button_size_large aligncenter\">Info<\/a><\/div><\/div><\/div>[\/vc_column][vc_column width=&#8221;1\/3&#8243; offset=&#8221;vc_hidden-lg vc_hidden-md vc_hidden-sm vc_hidden-xs&#8221;][\/vc_column][\/vc_row][vc_row][vc_column offset=&#8221;vc_col-lg-offset-3 vc_col-lg-6 vc_col-md-offset-3 vc_col-md-6&#8243; css=&#8221;.vc_custom_1681988471816{background-color: #ffffff !important;}&#8221;]<div class=\"sc_section sc_section_block \"><div class=\"sc_section_inner\"><div class=\"sc_section_content_wrap\">[vc_column_text]<\/p>\n<p style=\"text-align: center;\">If you would like to organize a visit to our winery, a tasting of our wines or just get information about the activities we offer, please contact us! We will get back to you as soon as possible.<\/p>\n<p>[\/vc_column_text]<div role=\"form\" class=\"wpcf7\" id=\"wpcf7-f1303-o1\" lang=\"en-US\" dir=\"ltr\">\n<div class=\"screen-reader-response\"><p role=\"status\" aria-live=\"polite\" aria-atomic=\"true\"><\/p> <ul><\/ul><\/div>\n<form action=\"\/en\/wp-json\/wp\/v2\/pages\/1271#wpcf7-f1303-o1\" method=\"post\" class=\"wpcf7-form init\" novalidate=\"novalidate\" data-status=\"init\">\n<div style=\"display: none;\">\n<input type=\"hidden\" name=\"_wpcf7\" value=\"1303\" \/>\n<input type=\"hidden\" name=\"_wpcf7_version\" value=\"5.6.4\" \/>\n<input type=\"hidden\" name=\"_wpcf7_locale\" value=\"en_US\" \/>\n<input type=\"hidden\" name=\"_wpcf7_unit_tag\" value=\"wpcf7-f1303-o1\" \/>\n<input type=\"hidden\" name=\"_wpcf7_container_post\" value=\"0\" \/>\n<input type=\"hidden\" name=\"_wpcf7_posted_data_hash\" value=\"\" \/>\n<input type=\"hidden\" name=\"_wpcf7_recaptcha_response\" value=\"\" \/>\n<\/div>\n<div class=\"flex\">\n<div class='itm row' ><span class=\"wpcf7-form-control-wrap\" data-name=\"your-name\"><input type=\"text\" name=\"your-name\" value=\"\" size=\"40\" class=\"wpcf7-form-control wpcf7-text wpcf7-validates-as-required\" aria-required=\"true\" aria-invalid=\"false\" placeholder=\"Nome*\" \/><\/span><\/div>\n<div class='itm row'><span class=\"wpcf7-form-control-wrap\" data-name=\"your-email\"><input type=\"email\" name=\"your-email\" value=\"\" size=\"40\" class=\"wpcf7-form-control wpcf7-text wpcf7-email wpcf7-validates-as-required wpcf7-validates-as-email\" aria-required=\"true\" aria-invalid=\"false\" placeholder=\"E-mail*\" \/><\/span><\/div>\n<\/div>\n<div class='itm row'><span class=\"wpcf7-form-control-wrap\" data-name=\"your-subject\"><input type=\"text\" name=\"your-subject\" value=\"\" size=\"40\" class=\"wpcf7-form-control wpcf7-text wpcf7-validates-as-required\" aria-required=\"true\" aria-invalid=\"false\" placeholder=\"Oggetto*\" \/><\/span><\/div>\n<div class=''><span class=\"wpcf7-form-control-wrap\" data-name=\"your-message\"><textarea name=\"your-message\" cols=\"40\" rows=\"10\" class=\"wpcf7-form-control wpcf7-textarea wpcf7-validates-as-required\" aria-required=\"true\" aria-invalid=\"false\" placeholder=\"Messaggio*\"><\/textarea><\/span><\/div>\n<p><span class=\"wpcf7-form-control-wrap\" data-name=\"acceptance-157\"><span class=\"wpcf7-form-control wpcf7-acceptance\"><span class=\"wpcf7-list-item\"><label><input type=\"checkbox\" name=\"acceptance-157\" value=\"1\" aria-invalid=\"false\" \/><span class=\"wpcf7-list-item-label\">Acconsento al trattamento dei dati inviati.<\/span><\/label><\/span><\/span><\/span><\/p>\n<div class=\"sc_form_field sc_form_field_button sc_form_field_submit\">\n<input type=\"submit\" value=\"Invia\" class=\"wpcf7-form-control has-spinner wpcf7-submit\" \/><\/div>\n<div class=\"wpcf7-response-output\" aria-hidden=\"true\"><\/div><\/form><\/div><\/div><\/div><\/div>[\/vc_column][\/vc_row]<\/p>\n<\/section>","protected":false},"excerpt":{"rendered":"<p>[vc_row][vc_column][vc_column_text] THE WINE SHOP, TIME FOR A GLASS OF WINE A country farm with its pergola winding along walkways in rough travertine, generating sheltered corners from the sun for the rest of the visitors. The facades painted with natural colors recall the typicality of the farmhouses of the area as well as in the bright [&hellip;]<\/p>\n","protected":false},"author":1,"featured_media":0,"parent":0,"menu_order":0,"comment_status":"closed","ping_status":"closed","template":"","meta":[],"_links":{"self":[{"href":"https:\/\/tenutalecolonne.com\/en\/wp-json\/wp\/v2\/pages\/1271"}],"collection":[{"href":"https:\/\/tenutalecolonne.com\/en\/wp-json\/wp\/v2\/pages"}],"about":[{"href":"https:\/\/tenutalecolonne.com\/en\/wp-json\/wp\/v2\/types\/page"}],"author":[{"embeddable":true,"href":"https:\/\/tenutalecolonne.com\/en\/wp-json\/wp\/v2\/users\/1"}],"replies":[{"embeddable":true,"href":"https:\/\/tenutalecolonne.com\/en\/wp-json\/wp\/v2\/comments?post=1271"}],"version-history":[{"count":5,"href":"https:\/\/tenutalecolonne.com\/en\/wp-json\/wp\/v2\/pages\/1271\/revisions"}],"predecessor-version":[{"id":3461,"href":"https:\/\/tenutalecolonne.com\/en\/wp-json\/wp\/v2\/pages\/1271\/revisions\/3461"}],"wp:attachment":[{"href":"https:\/\/tenutalecolonne.com\/en\/wp-json\/wp\/v2\/media?parent=1271"}],"curies":[{"name":"wp","href":"https:\/\/api.w.org\/{rel}","templated":true}]}}